{"id":9815,"date":"2026-04-07T17:42:34","date_gmt":"2026-04-07T16:42:34","guid":{"rendered":"https:\/\/photoartemilioferrerfotos.com\/product\/muralla\/"},"modified":"2026-04-07T17:50:13","modified_gmt":"2026-04-07T16:50:13","slug":"muralla","status":"publish","type":"product","link":"https:\/\/photoartemilioferrerfotos.com\/en\/product\/muralla\/","title":{"rendered":"Muralla"},"content":{"rendered":"<h5>EDICI\u00d3N ILIMITADA.<\/h5>\n<p>Fotograf\u00eda de Autor de Edici\u00f3n Ilimitada. T\u00edtulo &#8220;Muralla&#8221;.<\/p>\n<h5>ESPECIFICACIONES:<\/h5>\n<ul>\n<li>Ediciones ilimitadas firmadas por el autor.<\/li>\n<li>M\u00e1xima calidad de impresi\u00f3n fotogr\u00e1fica pigmentada.<\/li>\n<li>Papel fotogr\u00e1fico Fine Art de Canson Infinity Rag Photographique mate 310 gr.<\/li>\n<li>Borde blanco de 1 cm.<\/li>\n<li>Impresiones fotogr\u00e1ficas hechas en Alemania.<\/li>\n<li>Las fotograf\u00edas de Edici\u00f3n Ilimitada se venden sin enmarcar.<\/li>\n<\/ul>\n<p>TIEMPO M\u00c1XIMO ESTIMADO DEL ENV\u00cdO 21 d\u00edas.<\/p>\n<p>Elige el tama\u00f1o para obtener un precio:<\/p>\n","protected":false},"excerpt":{"rendered":"<h5>UNLIMITED EDITION.<\/h5>\n<p>Unlimited Edition Author Photography. Title &#8220;\u00danica&#8221;.<\/p>\n<h5>SPECIFICATIONS:<\/h5>\n<ul>\n<li>Unlimited editions signed by the author.<\/li>\n<li>Highest quality pigmented photographic printing.<\/li>\n<li>Fine Art paper Canson Infinity Rag Photographique matte 310 gr.<\/li>\n<li>1 cm white border.<\/li>\n<li>Photographic prints made in Germany.<\/li>\n<li>Unlimited Edition photographs are sold unframed.<\/li>\n<\/ul>\n<p>MAXIMUM ESTIMATED SHIPPING TIME 21 days.<\/p>\n<p>Choose the size to get a price:<\/p>\n","protected":false},"featured_media":9808,"template":"","meta":[],"product_cat":[45,95],"product_tag":[],"class_list":["post-9815","product","type-product","status-publish","has-post-thumbnail","hentry","product_cat-edicion-ilimitada","product_cat-unlimited-edition"],"yoast_head":"<!-- This site is optimized with the Yoast SEO plugin v19.2 - https:\/\/yoast.com\/wordpress\/plugins\/seo\/ -->\n<title>Muralla - Emilio Ferrer Fot\u00f3grafo<\/title>\n<meta name=\"robots\" content=\"index, follow, max-snippet:-1, max-image-preview:large, max-video-preview:-1\" \/>\n<link rel=\"canonical\" href=\"https:\/\/photoartemilioferrerfotos.com\/en\/product\/muralla\/\" \/>\n<meta property=\"og:locale\" content=\"en_US\" \/>\n<meta property=\"og:type\" content=\"article\" \/>\n<meta property=\"og:title\" content=\"Muralla - Emilio Ferrer Fot\u00f3grafo\" \/>\n<meta property=\"og:description\" content=\"UNLIMITED EDITION. Unlimited Edition Author Photography. Title &quot;\u00danica&quot;. SPECIFICATIONS:   Unlimited editions signed by the author.  Highest quality pigmented photographic printing.  Fine Art paper Canson Infinity Rag Photographique matte 310 gr.  1 cm white border.  Photographic prints made in Germany.  Unlimited Edition photographs are sold unframed.  MAXIMUM ESTIMATED SHIPPING TIME 21 days.  Choose the size to get a price:\" \/>\n<meta property=\"og:url\" content=\"https:\/\/photoartemilioferrerfotos.com\/en\/product\/muralla\/\" \/>\n<meta property=\"og:site_name\" content=\"Emilio Ferrer Fot\u00f3grafo\" \/>\n<meta property=\"article:modified_time\" content=\"2026-04-07T16:50:13+00:00\" \/>\n<meta property=\"og:image\" content=\"https:\/\/photoartemilioferrerfotos.com\/wp-content\/uploads\/2026\/04\/Muralla-1000.jpg\" \/>\n\t<meta property=\"og:image:width\" content=\"994\" \/>\n\t<meta property=\"og:image:height\" content=\"1000\" \/>\n\t<meta property=\"og:image:type\" content=\"image\/jpeg\" \/>\n<meta name=\"author\" content=\"admin\" \/>\n<meta name=\"twitter:card\" content=\"summary_large_image\" \/>\n<script type=\"application\/ld+json\" class=\"yoast-schema-graph\">{\"@context\":\"https:\/\/schema.org\",\"@graph\":[{\"@type\":\"WebSite\",\"@id\":\"https:\/\/photoartemilioferrerfotos.com\/#website\",\"url\":\"https:\/\/photoartemilioferrerfotos.com\/\",\"name\":\"Emilio Ferrer Fot\u00f3grafo\",\"description\":\"ARTE FOTOGR\u00c1FICO PARA DECORAR INTERIORES\",\"potentialAction\":[{\"@type\":\"SearchAction\",\"target\":{\"@type\":\"EntryPoint\",\"urlTemplate\":\"https:\/\/photoartemilioferrerfotos.com\/?s={search_term_string}\"},\"query-input\":\"required name=search_term_string\"}],\"inLanguage\":\"en-US\"},{\"@type\":\"ImageObject\",\"inLanguage\":\"en-US\",\"@id\":\"https:\/\/photoartemilioferrerfotos.com\/en\/product\/muralla\/#primaryimage\",\"url\":\"https:\/\/photoartemilioferrerfotos.com\/wp-content\/uploads\/2026\/04\/Muralla-1000.jpg\",\"contentUrl\":\"https:\/\/photoartemilioferrerfotos.com\/wp-content\/uploads\/2026\/04\/Muralla-1000.jpg\",\"width\":994,\"height\":1000},{\"@type\":\"WebPage\",\"@id\":\"https:\/\/photoartemilioferrerfotos.com\/en\/product\/muralla\/#webpage\",\"url\":\"https:\/\/photoartemilioferrerfotos.com\/en\/product\/muralla\/\",\"name\":\"Muralla - Emilio Ferrer Fot\u00f3grafo\",\"isPartOf\":{\"@id\":\"https:\/\/photoartemilioferrerfotos.com\/#website\"},\"primaryImageOfPage\":{\"@id\":\"https:\/\/photoartemilioferrerfotos.com\/en\/product\/muralla\/#primaryimage\"},\"datePublished\":\"2026-04-07T16:42:34+00:00\",\"dateModified\":\"2026-04-07T16:50:13+00:00\",\"breadcrumb\":{\"@id\":\"https:\/\/photoartemilioferrerfotos.com\/en\/product\/muralla\/#breadcrumb\"},\"inLanguage\":\"en-US\",\"potentialAction\":[{\"@type\":\"ReadAction\",\"target\":[\"https:\/\/photoartemilioferrerfotos.com\/en\/product\/muralla\/\"]}]},{\"@type\":\"BreadcrumbList\",\"@id\":\"https:\/\/photoartemilioferrerfotos.com\/en\/product\/muralla\/#breadcrumb\",\"itemListElement\":[{\"@type\":\"ListItem\",\"position\":1,\"name\":\"Portada\",\"item\":\"https:\/\/photoartemilioferrerfotos.com\/en\/\"},{\"@type\":\"ListItem\",\"position\":2,\"name\":\"Shop\",\"item\":\"https:\/\/photoartemilioferrerfotos.com\/en\/shop\/\"},{\"@type\":\"ListItem\",\"position\":3,\"name\":\"Muralla\"}]}]}<\/script>\n<!-- \/ Yoast SEO plugin. -->","yoast_head_json":{"title":"Muralla - Emilio Ferrer Fot\u00f3grafo","robots":{"index":"index","follow":"follow","max-snippet":"max-snippet:-1","max-image-preview":"max-image-preview:large","max-video-preview":"max-video-preview:-1"},"canonical":"https:\/\/photoartemilioferrerfotos.com\/en\/product\/muralla\/","og_locale":"en_US","og_type":"article","og_title":"Muralla - Emilio Ferrer Fot\u00f3grafo","og_description":"UNLIMITED EDITION. Unlimited Edition Author Photography. Title \"\u00danica\". SPECIFICATIONS:   Unlimited editions signed by the author.  Highest quality pigmented photographic printing.  Fine Art paper Canson Infinity Rag Photographique matte 310 gr.  1 cm white border.  Photographic prints made in Germany.  Unlimited Edition photographs are sold unframed.  MAXIMUM ESTIMATED SHIPPING TIME 21 days.  Choose the size to get a price:","og_url":"https:\/\/photoartemilioferrerfotos.com\/en\/product\/muralla\/","og_site_name":"Emilio Ferrer Fot\u00f3grafo","article_modified_time":"2026-04-07T16:50:13+00:00","og_image":[{"width":994,"height":1000,"url":"https:\/\/photoartemilioferrerfotos.com\/wp-content\/uploads\/2026\/04\/Muralla-1000.jpg","type":"image\/jpeg"}],"author":"admin","twitter_card":"summary_large_image","schema":{"@context":"https:\/\/schema.org","@graph":[{"@type":"WebSite","@id":"https:\/\/photoartemilioferrerfotos.com\/#website","url":"https:\/\/photoartemilioferrerfotos.com\/","name":"Emilio Ferrer Fot\u00f3grafo","description":"ARTE FOTOGR\u00c1FICO PARA DECORAR INTERIORES","potentialAction":[{"@type":"SearchAction","target":{"@type":"EntryPoint","urlTemplate":"https:\/\/photoartemilioferrerfotos.com\/?s={search_term_string}"},"query-input":"required name=search_term_string"}],"inLanguage":"en-US"},{"@type":"ImageObject","inLanguage":"en-US","@id":"https:\/\/photoartemilioferrerfotos.com\/en\/product\/muralla\/#primaryimage","url":"https:\/\/photoartemilioferrerfotos.com\/wp-content\/uploads\/2026\/04\/Muralla-1000.jpg","contentUrl":"https:\/\/photoartemilioferrerfotos.com\/wp-content\/uploads\/2026\/04\/Muralla-1000.jpg","width":994,"height":1000},{"@type":"WebPage","@id":"https:\/\/photoartemilioferrerfotos.com\/en\/product\/muralla\/#webpage","url":"https:\/\/photoartemilioferrerfotos.com\/en\/product\/muralla\/","name":"Muralla - Emilio Ferrer Fot\u00f3grafo","isPartOf":{"@id":"https:\/\/photoartemilioferrerfotos.com\/#website"},"primaryImageOfPage":{"@id":"https:\/\/photoartemilioferrerfotos.com\/en\/product\/muralla\/#primaryimage"},"datePublished":"2026-04-07T16:42:34+00:00","dateModified":"2026-04-07T16:50:13+00:00","breadcrumb":{"@id":"https:\/\/photoartemilioferrerfotos.com\/en\/product\/muralla\/#breadcrumb"},"inLanguage":"en-US","potentialAction":[{"@type":"ReadAction","target":["https:\/\/photoartemilioferrerfotos.com\/en\/product\/muralla\/"]}]},{"@type":"BreadcrumbList","@id":"https:\/\/photoartemilioferrerfotos.com\/en\/product\/muralla\/#breadcrumb","itemListElement":[{"@type":"ListItem","position":1,"name":"Portada","item":"https:\/\/photoartemilioferrerfotos.com\/en\/"},{"@type":"ListItem","position":2,"name":"Shop","item":"https:\/\/photoartemilioferrerfotos.com\/en\/shop\/"},{"@type":"ListItem","position":3,"name":"Muralla"}]}]}},"_links":{"self":[{"href":"https:\/\/photoartemilioferrerfotos.com\/en\/wp-json\/wp\/v2\/product\/9815","targetHints":{"allow":["GET"]}}],"collection":[{"href":"https:\/\/photoartemilioferrerfotos.com\/en\/wp-json\/wp\/v2\/product"}],"about":[{"href":"https:\/\/photoartemilioferrerfotos.com\/en\/wp-json\/wp\/v2\/types\/product"}],"wp:featuredmedia":[{"embeddable":true,"href":"https:\/\/photoartemilioferrerfotos.com\/en\/wp-json\/wp\/v2\/media\/9808"}],"wp:attachment":[{"href":"https:\/\/photoartemilioferrerfotos.com\/en\/wp-json\/wp\/v2\/media?parent=9815"}],"wp:term":[{"taxonomy":"product_cat","embeddable":true,"href":"https:\/\/photoartemilioferrerfotos.com\/en\/wp-json\/wp\/v2\/product_cat?post=9815"},{"taxonomy":"product_tag","embeddable":true,"href":"https:\/\/photoartemilioferrerfotos.com\/en\/wp-json\/wp\/v2\/product_tag?post=9815"}],"curies":[{"name":"wp","href":"https:\/\/api.w.org\/{rel}","templated":true}]}}