{"id":8277,"date":"2023-09-16T10:21:14","date_gmt":"2023-09-16T09:21:14","guid":{"rendered":"https:\/\/photoartemilioferrerfotos.com\/product\/fotografia-artistica-rosal-edicion-ilimitada-emilio-ferrer\/"},"modified":"2026-03-31T19:30:42","modified_gmt":"2026-03-31T18:30:42","slug":"fotografia-artistica-rosal-edicion-ilimitada-emilio-ferrer","status":"publish","type":"product","link":"https:\/\/photoartemilioferrerfotos.com\/en\/product\/fotografia-artistica-rosal-edicion-ilimitada-emilio-ferrer\/","title":{"rendered":"Rosal"},"content":{"rendered":"","protected":false},"excerpt":{"rendered":"<h5>UNLIMITED EDITION.<\/h5>\n<p>Unlimited Edition Author Photography. Title &#8220;Rosal&#8221;.<\/p>\n<h5>SPECIFICATIONS:<\/h5>\n<ul>\n<li>Unlimited editions signed by the author.<\/li>\n<li>Highest quality pigmented photographic printing.<\/li>\n<li>Fine Art paper Canson Infinity Rag Photographique matte 310 gr.<\/li>\n<li>1 cm white border.<\/li>\n<li>Photographic prints made in Germany.<\/li>\n<li>Unlimited Edition photographs are sold unframed.<\/li>\n<\/ul>\n<p>MAXIMUM ESTIMATED SHIPPING TIME 21 days.<\/p>\n<p>Choose the size to get a price:<\/p>\n","protected":false},"featured_media":8037,"template":"","meta":[],"product_cat":[45,95],"product_tag":[],"class_list":["post-8277","product","type-product","status-publish","has-post-thumbnail","hentry","product_cat-edicion-ilimitada","product_cat-unlimited-edition"],"yoast_head":"<!-- This site is optimized with the Yoast SEO plugin v19.2 - https:\/\/yoast.com\/wordpress\/plugins\/seo\/ -->\n<title>Fotograf\u00eda art\u00edstica | Rosal | Edici\u00f3n ilimitada | Emilio Ferrer<\/title>\n<meta name=\"description\" content=\"Fotograf\u00eda art\u00edstica para decoraci\u00f3n de interiores. Rosal. Edici\u00f3n ilimitada. Emilio Ferrer\" \/>\n<meta name=\"robots\" content=\"index, follow, max-snippet:-1, max-image-preview:large, max-video-preview:-1\" \/>\n<link rel=\"canonical\" href=\"https:\/\/photoartemilioferrerfotos.com\/en\/product\/fotografia-artistica-rosal-edicion-ilimitada-emilio-ferrer\/\" \/>\n<meta property=\"og:locale\" content=\"en_US\" \/>\n<meta property=\"og:type\" content=\"article\" \/>\n<meta property=\"og:title\" content=\"Fotograf\u00eda art\u00edstica | Rosal | Edici\u00f3n ilimitada | Emilio Ferrer\" \/>\n<meta property=\"og:description\" content=\"Fotograf\u00eda art\u00edstica para decoraci\u00f3n de interiores. Rosal. Edici\u00f3n ilimitada. Emilio Ferrer\" \/>\n<meta property=\"og:url\" content=\"https:\/\/photoartemilioferrerfotos.com\/en\/product\/fotografia-artistica-rosal-edicion-ilimitada-emilio-ferrer\/\" \/>\n<meta property=\"og:site_name\" content=\"Emilio Ferrer Fot\u00f3grafo\" \/>\n<meta property=\"article:modified_time\" content=\"2026-03-31T18:30:42+00:00\" \/>\n<meta property=\"og:image\" content=\"https:\/\/photoartemilioferrerfotos.com\/wp-content\/uploads\/2023\/09\/ROSAS-900-2.jpg\" \/>\n\t<meta property=\"og:image:width\" content=\"900\" \/>\n\t<meta property=\"og:image:height\" content=\"900\" \/>\n\t<meta property=\"og:image:type\" content=\"image\/jpeg\" \/>\n<meta name=\"author\" content=\"admin\" \/>\n<meta name=\"twitter:card\" content=\"summary_large_image\" \/>\n<script type=\"application\/ld+json\" class=\"yoast-schema-graph\">{\"@context\":\"https:\/\/schema.org\",\"@graph\":[{\"@type\":\"WebSite\",\"@id\":\"https:\/\/photoartemilioferrerfotos.com\/#website\",\"url\":\"https:\/\/photoartemilioferrerfotos.com\/\",\"name\":\"Emilio Ferrer Fot\u00f3grafo\",\"description\":\"ARTE FOTOGR\u00c1FICO PARA DECORAR INTERIORES\",\"potentialAction\":[{\"@type\":\"SearchAction\",\"target\":{\"@type\":\"EntryPoint\",\"urlTemplate\":\"https:\/\/photoartemilioferrerfotos.com\/?s={search_term_string}\"},\"query-input\":\"required name=search_term_string\"}],\"inLanguage\":\"en-US\"},{\"@type\":\"ImageObject\",\"inLanguage\":\"en-US\",\"@id\":\"https:\/\/photoartemilioferrerfotos.com\/en\/product\/fotografia-artistica-rosal-edicion-ilimitada-emilio-ferrer\/#primaryimage\",\"url\":\"https:\/\/photoartemilioferrerfotos.com\/wp-content\/uploads\/2023\/09\/ROSAS-900-2.jpg\",\"contentUrl\":\"https:\/\/photoartemilioferrerfotos.com\/wp-content\/uploads\/2023\/09\/ROSAS-900-2.jpg\",\"width\":900,\"height\":900},{\"@type\":\"WebPage\",\"@id\":\"https:\/\/photoartemilioferrerfotos.com\/en\/product\/fotografia-artistica-rosal-edicion-ilimitada-emilio-ferrer\/#webpage\",\"url\":\"https:\/\/photoartemilioferrerfotos.com\/en\/product\/fotografia-artistica-rosal-edicion-ilimitada-emilio-ferrer\/\",\"name\":\"Fotograf\u00eda art\u00edstica | Rosal | Edici\u00f3n ilimitada | Emilio Ferrer\",\"isPartOf\":{\"@id\":\"https:\/\/photoartemilioferrerfotos.com\/#website\"},\"primaryImageOfPage\":{\"@id\":\"https:\/\/photoartemilioferrerfotos.com\/en\/product\/fotografia-artistica-rosal-edicion-ilimitada-emilio-ferrer\/#primaryimage\"},\"datePublished\":\"2023-09-16T09:21:14+00:00\",\"dateModified\":\"2026-03-31T18:30:42+00:00\",\"description\":\"Fotograf\u00eda art\u00edstica para decoraci\u00f3n de interiores. Rosal. Edici\u00f3n ilimitada. Emilio Ferrer\",\"breadcrumb\":{\"@id\":\"https:\/\/photoartemilioferrerfotos.com\/en\/product\/fotografia-artistica-rosal-edicion-ilimitada-emilio-ferrer\/#breadcrumb\"},\"inLanguage\":\"en-US\",\"potentialAction\":[{\"@type\":\"ReadAction\",\"target\":[\"https:\/\/photoartemilioferrerfotos.com\/en\/product\/fotografia-artistica-rosal-edicion-ilimitada-emilio-ferrer\/\"]}]},{\"@type\":\"BreadcrumbList\",\"@id\":\"https:\/\/photoartemilioferrerfotos.com\/en\/product\/fotografia-artistica-rosal-edicion-ilimitada-emilio-ferrer\/#breadcrumb\",\"itemListElement\":[{\"@type\":\"ListItem\",\"position\":1,\"name\":\"Portada\",\"item\":\"https:\/\/photoartemilioferrerfotos.com\/en\/\"},{\"@type\":\"ListItem\",\"position\":2,\"name\":\"Shop\",\"item\":\"https:\/\/photoartemilioferrerfotos.com\/en\/shop\/\"},{\"@type\":\"ListItem\",\"position\":3,\"name\":\"Rosal\"}]}]}<\/script>\n<!-- \/ Yoast SEO plugin. -->","yoast_head_json":{"title":"Fotograf\u00eda art\u00edstica | Rosal | Edici\u00f3n ilimitada | Emilio Ferrer","description":"Fotograf\u00eda art\u00edstica para decoraci\u00f3n de interiores. Rosal. Edici\u00f3n ilimitada. Emilio Ferrer","robots":{"index":"index","follow":"follow","max-snippet":"max-snippet:-1","max-image-preview":"max-image-preview:large","max-video-preview":"max-video-preview:-1"},"canonical":"https:\/\/photoartemilioferrerfotos.com\/en\/product\/fotografia-artistica-rosal-edicion-ilimitada-emilio-ferrer\/","og_locale":"en_US","og_type":"article","og_title":"Fotograf\u00eda art\u00edstica | Rosal | Edici\u00f3n ilimitada | Emilio Ferrer","og_description":"Fotograf\u00eda art\u00edstica para decoraci\u00f3n de interiores. Rosal. Edici\u00f3n ilimitada. Emilio Ferrer","og_url":"https:\/\/photoartemilioferrerfotos.com\/en\/product\/fotografia-artistica-rosal-edicion-ilimitada-emilio-ferrer\/","og_site_name":"Emilio Ferrer Fot\u00f3grafo","article_modified_time":"2026-03-31T18:30:42+00:00","og_image":[{"width":900,"height":900,"url":"https:\/\/photoartemilioferrerfotos.com\/wp-content\/uploads\/2023\/09\/ROSAS-900-2.jpg","type":"image\/jpeg"}],"author":"admin","twitter_card":"summary_large_image","schema":{"@context":"https:\/\/schema.org","@graph":[{"@type":"WebSite","@id":"https:\/\/photoartemilioferrerfotos.com\/#website","url":"https:\/\/photoartemilioferrerfotos.com\/","name":"Emilio Ferrer Fot\u00f3grafo","description":"ARTE FOTOGR\u00c1FICO PARA DECORAR INTERIORES","potentialAction":[{"@type":"SearchAction","target":{"@type":"EntryPoint","urlTemplate":"https:\/\/photoartemilioferrerfotos.com\/?s={search_term_string}"},"query-input":"required name=search_term_string"}],"inLanguage":"en-US"},{"@type":"ImageObject","inLanguage":"en-US","@id":"https:\/\/photoartemilioferrerfotos.com\/en\/product\/fotografia-artistica-rosal-edicion-ilimitada-emilio-ferrer\/#primaryimage","url":"https:\/\/photoartemilioferrerfotos.com\/wp-content\/uploads\/2023\/09\/ROSAS-900-2.jpg","contentUrl":"https:\/\/photoartemilioferrerfotos.com\/wp-content\/uploads\/2023\/09\/ROSAS-900-2.jpg","width":900,"height":900},{"@type":"WebPage","@id":"https:\/\/photoartemilioferrerfotos.com\/en\/product\/fotografia-artistica-rosal-edicion-ilimitada-emilio-ferrer\/#webpage","url":"https:\/\/photoartemilioferrerfotos.com\/en\/product\/fotografia-artistica-rosal-edicion-ilimitada-emilio-ferrer\/","name":"Fotograf\u00eda art\u00edstica | Rosal | Edici\u00f3n ilimitada | Emilio Ferrer","isPartOf":{"@id":"https:\/\/photoartemilioferrerfotos.com\/#website"},"primaryImageOfPage":{"@id":"https:\/\/photoartemilioferrerfotos.com\/en\/product\/fotografia-artistica-rosal-edicion-ilimitada-emilio-ferrer\/#primaryimage"},"datePublished":"2023-09-16T09:21:14+00:00","dateModified":"2026-03-31T18:30:42+00:00","description":"Fotograf\u00eda art\u00edstica para decoraci\u00f3n de interiores. Rosal. Edici\u00f3n ilimitada. Emilio Ferrer","breadcrumb":{"@id":"https:\/\/photoartemilioferrerfotos.com\/en\/product\/fotografia-artistica-rosal-edicion-ilimitada-emilio-ferrer\/#breadcrumb"},"inLanguage":"en-US","potentialAction":[{"@type":"ReadAction","target":["https:\/\/photoartemilioferrerfotos.com\/en\/product\/fotografia-artistica-rosal-edicion-ilimitada-emilio-ferrer\/"]}]},{"@type":"BreadcrumbList","@id":"https:\/\/photoartemilioferrerfotos.com\/en\/product\/fotografia-artistica-rosal-edicion-ilimitada-emilio-ferrer\/#breadcrumb","itemListElement":[{"@type":"ListItem","position":1,"name":"Portada","item":"https:\/\/photoartemilioferrerfotos.com\/en\/"},{"@type":"ListItem","position":2,"name":"Shop","item":"https:\/\/photoartemilioferrerfotos.com\/en\/shop\/"},{"@type":"ListItem","position":3,"name":"Rosal"}]}]}},"_links":{"self":[{"href":"https:\/\/photoartemilioferrerfotos.com\/en\/wp-json\/wp\/v2\/product\/8277","targetHints":{"allow":["GET"]}}],"collection":[{"href":"https:\/\/photoartemilioferrerfotos.com\/en\/wp-json\/wp\/v2\/product"}],"about":[{"href":"https:\/\/photoartemilioferrerfotos.com\/en\/wp-json\/wp\/v2\/types\/product"}],"wp:featuredmedia":[{"embeddable":true,"href":"https:\/\/photoartemilioferrerfotos.com\/en\/wp-json\/wp\/v2\/media\/8037"}],"wp:attachment":[{"href":"https:\/\/photoartemilioferrerfotos.com\/en\/wp-json\/wp\/v2\/media?parent=8277"}],"wp:term":[{"taxonomy":"product_cat","embeddable":true,"href":"https:\/\/photoartemilioferrerfotos.com\/en\/wp-json\/wp\/v2\/product_cat?post=8277"},{"taxonomy":"product_tag","embeddable":true,"href":"https:\/\/photoartemilioferrerfotos.com\/en\/wp-json\/wp\/v2\/product_tag?post=8277"}],"curies":[{"name":"wp","href":"https:\/\/api.w.org\/{rel}","templated":true}]}}