{"id":7706,"date":"2022-02-23T16:10:19","date_gmt":"2022-02-23T15:10:19","guid":{"rendered":"https:\/\/photoartemilioferrerfotos.com\/product\/ilimitadas-56\/"},"modified":"2026-03-31T19:33:39","modified_gmt":"2026-03-31T18:33:39","slug":"photography-wheat-landscape","status":"publish","type":"product","link":"https:\/\/photoartemilioferrerfotos.com\/en\/product\/photography-wheat-landscape\/","title":{"rendered":"Horizonte"},"content":{"rendered":"","protected":false},"excerpt":{"rendered":"<h5>UNLIMITED EDITION.<\/h5>\n<p>Unlimited Edition Author Photography. Title &#8220;Horizonte&#8221;.<\/p>\n<h5>SPECIFICATIONS.<\/h5>\n<ul>\n<li>Ediciones ilimitadas firmadas por el autor.<\/li>\n<li>M\u00e1xima calidad de impresi\u00f3n fotogr\u00e1fica pigmentada.<\/li>\n<li>Fine Art paper Canson Infinity Rag Photographique matte 310 gr.<\/li>\n<li>Borde blanco de 1 cm.<\/li>\n<li>Impresiones fotogr\u00e1ficas hechas en Alemania.<\/li>\n<li>Las fotograf\u00edas de Edici\u00f3n Ilimitada se venden sin enmarcar.<\/li>\n<\/ul>\n<p>MAXIMUM ESTIMATED SHIPPING TIME 21 days.<\/p>\n<p>Choose the size and finish to get a price:<\/p>\n","protected":false},"featured_media":7708,"template":"","meta":[],"product_cat":[95],"product_tag":[],"class_list":["post-7706","product","type-product","status-publish","has-post-thumbnail","hentry","product_cat-unlimited-edition"],"yoast_head":"<!-- This site is optimized with the Yoast SEO plugin v19.2 - https:\/\/yoast.com\/wordpress\/plugins\/seo\/ -->\n<title>Artistic photography wheat Horizonte | Unlimited Edition | Emilio Ferrer<\/title>\n<meta name=\"description\" content=\"Fine Art photography to decorate interiors wheat Horizonte Unlimited Edition signed by the author Emilio Ferrer\" \/>\n<meta name=\"robots\" content=\"index, follow, max-snippet:-1, max-image-preview:large, max-video-preview:-1\" \/>\n<link rel=\"canonical\" href=\"https:\/\/photoartemilioferrerfotos.com\/en\/product\/photography-wheat-landscape\/\" \/>\n<meta property=\"og:locale\" content=\"en_US\" \/>\n<meta property=\"og:type\" content=\"article\" \/>\n<meta property=\"og:title\" content=\"Artistic photography wheat Horizonte | Unlimited Edition | Emilio Ferrer\" \/>\n<meta property=\"og:description\" content=\"Fine Art photography to decorate interiors wheat Horizonte Unlimited Edition signed by the author Emilio Ferrer\" \/>\n<meta property=\"og:url\" content=\"https:\/\/photoartemilioferrerfotos.com\/en\/product\/photography-wheat-landscape\/\" \/>\n<meta property=\"og:site_name\" content=\"Emilio Ferrer Fot\u00f3grafo\" \/>\n<meta property=\"article:modified_time\" content=\"2026-03-31T18:33:39+00:00\" \/>\n<meta property=\"og:image\" content=\"https:\/\/photoartemilioferrerfotos.com\/wp-content\/uploads\/2022\/02\/ILIMITADAS-056.jpg\" \/>\n\t<meta property=\"og:image:width\" content=\"1350\" \/>\n\t<meta property=\"og:image:height\" content=\"900\" \/>\n\t<meta property=\"og:image:type\" content=\"image\/jpeg\" \/>\n<meta name=\"author\" content=\"admin\" \/>\n<meta name=\"twitter:card\" content=\"summary_large_image\" \/>\n<script type=\"application\/ld+json\" class=\"yoast-schema-graph\">{\"@context\":\"https:\/\/schema.org\",\"@graph\":[{\"@type\":\"WebSite\",\"@id\":\"https:\/\/photoartemilioferrerfotos.com\/#website\",\"url\":\"https:\/\/photoartemilioferrerfotos.com\/\",\"name\":\"Emilio Ferrer Fot\u00f3grafo\",\"description\":\"ARTE FOTOGR\u00c1FICO PARA DECORAR INTERIORES\",\"potentialAction\":[{\"@type\":\"SearchAction\",\"target\":{\"@type\":\"EntryPoint\",\"urlTemplate\":\"https:\/\/photoartemilioferrerfotos.com\/?s={search_term_string}\"},\"query-input\":\"required name=search_term_string\"}],\"inLanguage\":\"en-US\"},{\"@type\":\"ImageObject\",\"inLanguage\":\"en-US\",\"@id\":\"https:\/\/photoartemilioferrerfotos.com\/en\/product\/photography-wheat-landscape\/#primaryimage\",\"url\":\"https:\/\/photoartemilioferrerfotos.com\/wp-content\/uploads\/2022\/02\/ILIMITADAS-056.jpg\",\"contentUrl\":\"https:\/\/photoartemilioferrerfotos.com\/wp-content\/uploads\/2022\/02\/ILIMITADAS-056.jpg\",\"width\":1350,\"height\":900},{\"@type\":\"WebPage\",\"@id\":\"https:\/\/photoartemilioferrerfotos.com\/en\/product\/photography-wheat-landscape\/#webpage\",\"url\":\"https:\/\/photoartemilioferrerfotos.com\/en\/product\/photography-wheat-landscape\/\",\"name\":\"Artistic photography wheat Horizonte | Unlimited Edition | Emilio Ferrer\",\"isPartOf\":{\"@id\":\"https:\/\/photoartemilioferrerfotos.com\/#website\"},\"primaryImageOfPage\":{\"@id\":\"https:\/\/photoartemilioferrerfotos.com\/en\/product\/photography-wheat-landscape\/#primaryimage\"},\"datePublished\":\"2022-02-23T15:10:19+00:00\",\"dateModified\":\"2026-03-31T18:33:39+00:00\",\"description\":\"Fine Art photography to decorate interiors wheat Horizonte Unlimited Edition signed by the author Emilio Ferrer\",\"breadcrumb\":{\"@id\":\"https:\/\/photoartemilioferrerfotos.com\/en\/product\/photography-wheat-landscape\/#breadcrumb\"},\"inLanguage\":\"en-US\",\"potentialAction\":[{\"@type\":\"ReadAction\",\"target\":[\"https:\/\/photoartemilioferrerfotos.com\/en\/product\/photography-wheat-landscape\/\"]}]},{\"@type\":\"BreadcrumbList\",\"@id\":\"https:\/\/photoartemilioferrerfotos.com\/en\/product\/photography-wheat-landscape\/#breadcrumb\",\"itemListElement\":[{\"@type\":\"ListItem\",\"position\":1,\"name\":\"Portada\",\"item\":\"https:\/\/photoartemilioferrerfotos.com\/en\/\"},{\"@type\":\"ListItem\",\"position\":2,\"name\":\"Shop\",\"item\":\"https:\/\/photoartemilioferrerfotos.com\/en\/shop\/\"},{\"@type\":\"ListItem\",\"position\":3,\"name\":\"Horizonte\"}]}]}<\/script>\n<!-- \/ Yoast SEO plugin. -->","yoast_head_json":{"title":"Artistic photography wheat Horizonte | Unlimited Edition | Emilio Ferrer","description":"Fine Art photography to decorate interiors wheat Horizonte Unlimited Edition signed by the author Emilio Ferrer","robots":{"index":"index","follow":"follow","max-snippet":"max-snippet:-1","max-image-preview":"max-image-preview:large","max-video-preview":"max-video-preview:-1"},"canonical":"https:\/\/photoartemilioferrerfotos.com\/en\/product\/photography-wheat-landscape\/","og_locale":"en_US","og_type":"article","og_title":"Artistic photography wheat Horizonte | Unlimited Edition | Emilio Ferrer","og_description":"Fine Art photography to decorate interiors wheat Horizonte Unlimited Edition signed by the author Emilio Ferrer","og_url":"https:\/\/photoartemilioferrerfotos.com\/en\/product\/photography-wheat-landscape\/","og_site_name":"Emilio Ferrer Fot\u00f3grafo","article_modified_time":"2026-03-31T18:33:39+00:00","og_image":[{"width":1350,"height":900,"url":"https:\/\/photoartemilioferrerfotos.com\/wp-content\/uploads\/2022\/02\/ILIMITADAS-056.jpg","type":"image\/jpeg"}],"author":"admin","twitter_card":"summary_large_image","schema":{"@context":"https:\/\/schema.org","@graph":[{"@type":"WebSite","@id":"https:\/\/photoartemilioferrerfotos.com\/#website","url":"https:\/\/photoartemilioferrerfotos.com\/","name":"Emilio Ferrer Fot\u00f3grafo","description":"ARTE FOTOGR\u00c1FICO PARA DECORAR INTERIORES","potentialAction":[{"@type":"SearchAction","target":{"@type":"EntryPoint","urlTemplate":"https:\/\/photoartemilioferrerfotos.com\/?s={search_term_string}"},"query-input":"required name=search_term_string"}],"inLanguage":"en-US"},{"@type":"ImageObject","inLanguage":"en-US","@id":"https:\/\/photoartemilioferrerfotos.com\/en\/product\/photography-wheat-landscape\/#primaryimage","url":"https:\/\/photoartemilioferrerfotos.com\/wp-content\/uploads\/2022\/02\/ILIMITADAS-056.jpg","contentUrl":"https:\/\/photoartemilioferrerfotos.com\/wp-content\/uploads\/2022\/02\/ILIMITADAS-056.jpg","width":1350,"height":900},{"@type":"WebPage","@id":"https:\/\/photoartemilioferrerfotos.com\/en\/product\/photography-wheat-landscape\/#webpage","url":"https:\/\/photoartemilioferrerfotos.com\/en\/product\/photography-wheat-landscape\/","name":"Artistic photography wheat Horizonte | Unlimited Edition | Emilio Ferrer","isPartOf":{"@id":"https:\/\/photoartemilioferrerfotos.com\/#website"},"primaryImageOfPage":{"@id":"https:\/\/photoartemilioferrerfotos.com\/en\/product\/photography-wheat-landscape\/#primaryimage"},"datePublished":"2022-02-23T15:10:19+00:00","dateModified":"2026-03-31T18:33:39+00:00","description":"Fine Art photography to decorate interiors wheat Horizonte Unlimited Edition signed by the author Emilio Ferrer","breadcrumb":{"@id":"https:\/\/photoartemilioferrerfotos.com\/en\/product\/photography-wheat-landscape\/#breadcrumb"},"inLanguage":"en-US","potentialAction":[{"@type":"ReadAction","target":["https:\/\/photoartemilioferrerfotos.com\/en\/product\/photography-wheat-landscape\/"]}]},{"@type":"BreadcrumbList","@id":"https:\/\/photoartemilioferrerfotos.com\/en\/product\/photography-wheat-landscape\/#breadcrumb","itemListElement":[{"@type":"ListItem","position":1,"name":"Portada","item":"https:\/\/photoartemilioferrerfotos.com\/en\/"},{"@type":"ListItem","position":2,"name":"Shop","item":"https:\/\/photoartemilioferrerfotos.com\/en\/shop\/"},{"@type":"ListItem","position":3,"name":"Horizonte"}]}]}},"_links":{"self":[{"href":"https:\/\/photoartemilioferrerfotos.com\/en\/wp-json\/wp\/v2\/product\/7706","targetHints":{"allow":["GET"]}}],"collection":[{"href":"https:\/\/photoartemilioferrerfotos.com\/en\/wp-json\/wp\/v2\/product"}],"about":[{"href":"https:\/\/photoartemilioferrerfotos.com\/en\/wp-json\/wp\/v2\/types\/product"}],"wp:featuredmedia":[{"embeddable":true,"href":"https:\/\/photoartemilioferrerfotos.com\/en\/wp-json\/wp\/v2\/media\/7708"}],"wp:attachment":[{"href":"https:\/\/photoartemilioferrerfotos.com\/en\/wp-json\/wp\/v2\/media?parent=7706"}],"wp:term":[{"taxonomy":"product_cat","embeddable":true,"href":"https:\/\/photoartemilioferrerfotos.com\/en\/wp-json\/wp\/v2\/product_cat?post=7706"},{"taxonomy":"product_tag","embeddable":true,"href":"https:\/\/photoartemilioferrerfotos.com\/en\/wp-json\/wp\/v2\/product_tag?post=7706"}],"curies":[{"name":"wp","href":"https:\/\/api.w.org\/{rel}","templated":true}]}}